{"id":6622,"date":"2025-03-11T18:47:59","date_gmt":"2025-03-11T17:47:59","guid":{"rendered":"https:\/\/mupia-masterbellasartes.umh.es\/?page_id=6622"},"modified":"2025-06-21T10:02:38","modified_gmt":"2025-06-21T08:02:38","slug":"infraestructuras","status":"publish","type":"page","link":"https:\/\/mupia-masterbellasartes.umh.es\/ca\/infraestructuras\/","title":{"rendered":"<span lang=\"es\">(Espa\u00f1ol) Infraestructuras<\/span>"},"content":{"rendered":"<p>[et_pb_section fb_built=&#8221;1&#8243; fullwidth=&#8221;on&#8221; admin_label=&#8221;Header&#8221; _builder_version=&#8221;4.17.4&#8243; _module_preset=&#8221;default&#8221; background_image=&#8221;https:\/\/mupia-masterbellasartes.umh.es\/files\/2016\/10\/Taller-de-piedra_2-e1476711239748.jpg&#8221; parallax=&#8221;on&#8221; box_shadow_style=&#8221;preset7&#8243; box_shadow_horizontal=&#8221;0px&#8221; box_shadow_vertical=&#8221;-80px&#8221; box_shadow_color=&#8221;#000000&#8243; global_colors_info=&#8221;{}&#8221;][et_pb_fullwidth_header title=&#8221;Infraestructuras&#8221; subhead=&#8221;Campus de Altea&#8221; button_one_url=&#8221;https:\/\/estudios.umh.es\/acceso\/masters\/preinscripcion\/&#8221; button_two_url=&#8221;https:\/\/www.umh.es\/contenido\/Estudiantes\/:tit_m_232\/datos_es.html&#8221; logo_image_url=&#8221;https:\/\/mupia-masterbellasartes.umh.es\/files\/2025\/03\/cuadrado-color-electrician_04-corporativomupia-25px.png&#8221; content_max_width=&#8221;700px&#8221; _builder_version=&#8221;4.17.4&#8243; _module_preset=&#8221;default&#8221; title_level=&#8221;h2&#8243; title_font=&#8221;Libre Franklin|300|||||||&#8221; title_text_color=&#8221;#0A0202&#8243; title_font_size=&#8221;44px&#8221; title_line_height=&#8221;1.2em&#8221; content_text_color=&#8221;#0A0202&#8243; content_font_size=&#8221;18px&#8221; subhead_font=&#8221;|700|||||||&#8221; subhead_text_color=&#8221;#0A0202&#8243; subhead_font_size=&#8221;64px&#8221; subhead_line_height=&#8221;1.2em&#8221; background_color=&#8221;rgba(0,0,0,0)&#8221; use_background_color_gradient=&#8221;on&#8221; background_color_gradient_type=&#8221;circular&#8221; background_color_gradient_direction_radial=&#8221;right&#8221; background_color_gradient_stops=&#8221;rgba(0,0,0,0) 10%|rgba(255,255,255,0.9) 60%&#8221; background_color_gradient_start=&#8221;rgba(0,0,0,0)&#8221; background_color_gradient_start_position=&#8221;10%&#8221; background_color_gradient_end=&#8221;rgba(0,0,0,0.9)&#8221; background_color_gradient_end_position=&#8221;60%&#8221; background_enable_image=&#8221;off&#8221; background_position=&#8221;bottom_center&#8221; custom_button_one=&#8221;on&#8221; button_one_text_size=&#8221;14px&#8221; button_one_text_color=&#8221;#ffffff&#8221; button_one_bg_color=&#8221;#004ffe&#8221; button_one_border_width=&#8221;20px&#8221; button_one_border_color=&#8221;rgba(0,0,0,0)&#8221; button_one_border_radius=&#8221;0px&#8221; button_one_letter_spacing=&#8221;3px&#8221; button_one_font=&#8221;Libre Franklin|700||on|||||&#8221; button_one_icon=&#8221;&#x24;||divi||400&#8243; custom_button_two=&#8221;on&#8221; button_two_text_size=&#8221;14px&#8221; button_two_text_color=&#8221;#004ffe&#8221; button_two_bg_color=&#8221;#ffffff&#8221; button_two_border_width=&#8221;20px&#8221; button_two_border_color=&#8221;rgba(0,0,0,0)&#8221; button_two_border_radius=&#8221;0px&#8221; button_two_letter_spacing=&#8221;3px&#8221; button_two_font=&#8221;Libre Franklin|700||on|||||&#8221; button_two_icon=&#8221;&#x24;||divi||400&#8243; custom_margin=&#8221;||||false&#8221; custom_padding=&#8221;12vw||16vw||false&#8221; custom_padding_tablet=&#8221;80px||180px|&#8221; custom_padding_phone=&#8221;&#8221; custom_padding_last_edited=&#8221;on|phone&#8221; link_option_url_new_window=&#8221;on&#8221; title_font_size_tablet=&#8221;54px&#8221; title_font_size_phone=&#8221;28px&#8221; title_font_size_last_edited=&#8221;on|phone&#8221; subhead_font_size_tablet=&#8221;54px&#8221; subhead_font_size_phone=&#8221;24px&#8221; subhead_font_size_last_edited=&#8221;on|phone&#8221; box_shadow_style_button_one=&#8221;preset4&#8243; box_shadow_horizontal_button_one=&#8221;-20px&#8221; box_shadow_vertical_button_one=&#8221;-20px&#8221; box_shadow_spread_button_one=&#8221;-5px&#8221; box_shadow_color_button_one=&#8221;rgba(0,79,254,0.4)&#8221; box_shadow_style_button_two=&#8221;preset4&#8243; box_shadow_horizontal_button_two=&#8221;20px&#8221; box_shadow_vertical_button_two=&#8221;20px&#8221; box_shadow_spread_button_two=&#8221;-5px&#8221; box_shadow_color_button_two=&#8221;rgba(255,255,255,0.2)&#8221; button_one_letter_spacing_hover=&#8221;3px&#8221; button_two_letter_spacing_hover=&#8221;3px&#8221; global_colors_info=&#8221;{}&#8221; button_one_text_size__hover_enabled=&#8221;off&#8221; button_two_text_size__hover_enabled=&#8221;off&#8221; button_one_text_color__hover_enabled=&#8221;off&#8221; button_two_text_color__hover_enabled=&#8221;off&#8221; button_one_border_width__hover_enabled=&#8221;off&#8221; button_two_border_width__hover_enabled=&#8221;off&#8221; button_one_border_color__hover_enabled=&#8221;off&#8221; button_two_border_color__hover_enabled=&#8221;off&#8221; button_one_border_radius__hover_enabled=&#8221;off&#8221; button_two_border_radius__hover_enabled=&#8221;off&#8221; button_one_letter_spacing__hover_enabled=&#8221;on&#8221; button_one_letter_spacing__hover=&#8221;3px&#8221; button_two_letter_spacing__hover_enabled=&#8221;on&#8221; button_two_letter_spacing__hover=&#8221;3px&#8221; button_one_bg_color__hover_enabled=&#8221;off&#8221; button_two_bg_color__hover_enabled=&#8221;off&#8221;][\/et_pb_fullwidth_header][\/et_pb_section][et_pb_section fb_built=&#8221;1&#8243; _builder_version=&#8221;4.17.4&#8243; _module_preset=&#8221;default&#8221; background_color=&#8221;#e5f4f2&#8243; global_colors_info=&#8221;{}&#8221;][et_pb_row column_structure=&#8221;1_2,1_2&#8243; _builder_version=&#8221;4.17.4&#8243; _module_preset=&#8221;default&#8221; max_width=&#8221;100%&#8221; global_colors_info=&#8221;{}&#8221;][et_pb_column type=&#8221;1_2&#8243; _builder_version=&#8221;4.17.4&#8243; _module_preset=&#8221;default&#8221; global_colors_info=&#8221;{}&#8221;][et_pb_image src=&#8221;https:\/\/mupia-masterbellasartes.umh.es\/files\/2016\/10\/Edificio-Bernia-3-e1476711744598.jpg&#8221; title_text=&#8221;edificio-bernia-3&#8243; _builder_version=&#8221;4.17.4&#8243; _module_preset=&#8221;default&#8221; global_colors_info=&#8221;{}&#8221;][\/et_pb_image][et_pb_video src=&#8221;https:\/\/youtu.be\/-TBHqUqnosM&#8221; _builder_version=&#8221;4.17.4&#8243; _module_preset=&#8221;default&#8221; global_colors_info=&#8221;{}&#8221;][\/et_pb_video][\/et_pb_column][et_pb_column type=&#8221;1_2&#8243; _builder_version=&#8221;4.17.4&#8243; _module_preset=&#8221;default&#8221; global_colors_info=&#8221;{}&#8221;][et_pb_text _builder_version=&#8221;4.17.4&#8243; _module_preset=&#8221;default&#8221; global_colors_info=&#8221;{}&#8221;]<\/p>\n<h2><strong>EL CAMPUS<\/strong><\/h2>\n<p>[\/et_pb_text][et_pb_text _builder_version=&#8221;4.17.4&#8243; _module_preset=&#8221;default&#8221; global_colors_info=&#8221;{}&#8221;]<\/p>\n<p>El Campus de Altea es uno de los cuatro campus de la Universidad Miguel Hern\u00e1ndez de Elche, junto con los de Orihuela, San Juan y Elche.<\/p>\n<p>Altea, es una ciudad costera del Mediterr\u00e1neo, situada entre Alicante ( a 58 Km) y Valencia (a 110 Km). Se ubica en un entorno natural atractivo y privilegiado con clima agradable. Su contexto social es din\u00e1mico con todo tipo de servicios y una poblaci\u00f3n multicultural.<\/p>\n<p>El Campus de Altea MUH est\u00e1 formado por once edificios independientes destinados a diferentes tipos de talleres, aularios, laboratorios, despachos y servicios. Cuenta tambi\u00e9n con zonas verdes, biblioteca, espacios colaborativos, cafeter\u00eda, auditorio, salas de exposiciones y parking propio.<\/p>\n<p>El Campus integra a la Facultad de Bellas Artes de Altea, al Departamento de Arte, y al Centro de Investigaci\u00f3n de las Artes (C\u00edA), albergando tambi\u00e9n la actividad de la mayor\u00eda de los grupos de investigaci\u00f3n del Departamento de Arte.<\/p>\n<p>En el Campus de Altea se imparten el Grado de Bellas Artes, el M\u00e1ster Universitario en Proyecto e Investigaci\u00f3n en Arte (MUPIA), el M\u00e1ster Universitario en Estudios Culturales y Artes Visuales (perspectiva feminista y cuir\/queer) (MUECA) y el M\u00e1ster Universitario en Formaci\u00f3n del profesorado de ESO, BACH, FP y EI y el Doctorado en Creaci\u00f3n Art\u00edstica, y tambi\u00e9n se desarrollan actividades de extensi\u00f3n universitaria, como cursos de especializaci\u00f3n, conferencias y exposiciones.<\/p>\n<p>[\/et_pb_text][et_pb_blurb url=&#8221;http:\/\/campusaltea.umh.es\/files\/2013\/10\/Altea-web.pdf&#8221; url_new_window=&#8221;on&#8221; image=&#8221;https:\/\/mupia-masterbellasartes.umh.es\/files\/2025\/03\/Campus-altea-copia.jpg&#8221; _builder_version=&#8221;4.17.4&#8243; _module_preset=&#8221;default&#8221; link_option_url=&#8221;http:\/\/campusaltea.umh.es\/files\/2013\/10\/Altea-web.pdf&#8221; link_option_url_new_window=&#8221;on&#8221; global_colors_info=&#8221;{}&#8221;]<\/p>\n<p style=\"text-align: center\"><a href=\"http:\/\/campusaltea.umh.es\/files\/2013\/10\/Altea-web.pdf\"><strong>Descarga nuestra publicaci\u00f3n sobre el Campus<\/strong><\/a><\/p>\n<p>[\/et_pb_blurb][\/et_pb_column][\/et_pb_row][\/et_pb_section][et_pb_section fb_built=&#8221;1&#8243; _builder_version=&#8221;4.17.4&#8243; _module_preset=&#8221;default&#8221; background_enable_color=&#8221;off&#8221; global_colors_info=&#8221;{}&#8221;][et_pb_row column_structure=&#8221;1_2,1_2&#8243; _builder_version=&#8221;4.17.4&#8243; _module_preset=&#8221;default&#8221; global_colors_info=&#8221;{}&#8221;][et_pb_column type=&#8221;1_2&#8243; _builder_version=&#8221;4.17.4&#8243; _module_preset=&#8221;default&#8221; global_colors_info=&#8221;{}&#8221;][et_pb_text _builder_version=&#8221;4.17.4&#8243; _module_preset=&#8221;default&#8221; text_font_size=&#8221;28px&#8221; background_color=&#8221;#EB5A4B&#8221; custom_margin=&#8221;-11px||||false|false&#8221; custom_padding=&#8221;20px||20px|20px|false|false&#8221; link_option_url=&#8221;https:\/\/bbaa.umh.es\/presentacion\/solicitudes-y-normativas\/&#8221; global_colors_info=&#8221;{}&#8221;]<\/p>\n<p><strong>NORMATIVAS DE USOS <\/strong><strong>Y <\/strong><\/p>\n<p><strong>SOLICITUD DE PRESTAMOS<\/strong><\/p>\n<p>[\/et_pb_text][\/et_pb_column][et_pb_column type=&#8221;1_2&#8243; _builder_version=&#8221;4.17.4&#8243; _module_preset=&#8221;default&#8221; global_colors_info=&#8221;{}&#8221;][\/et_pb_column][\/et_pb_row][\/et_pb_section][et_pb_section fb_built=&#8221;1&#8243; _builder_version=&#8221;4.17.4&#8243; _module_preset=&#8221;default&#8221; background_color=&#8221;#e5f4f2&#8243; global_colors_info=&#8221;{}&#8221;][et_pb_row _builder_version=&#8221;4.17.4&#8243; _module_preset=&#8221;default&#8221; max_width=&#8221;100%&#8221; global_colors_info=&#8221;{}&#8221;][et_pb_column type=&#8221;4_4&#8243; _builder_version=&#8221;4.17.4&#8243; _module_preset=&#8221;default&#8221; global_colors_info=&#8221;{}&#8221;][et_pb_text _builder_version=&#8221;4.17.4&#8243; _module_preset=&#8221;default&#8221; global_colors_info=&#8221;{}&#8221;]<\/p>\n<h2><strong>INSTALACIONES<\/strong><\/h2>\n<p>[\/et_pb_text][et_pb_text admin_label=&#8221;Texto&#8221; _builder_version=&#8221;4.17.4&#8243; _module_preset=&#8221;default&#8221; custom_padding=&#8221;||1px|||&#8221; global_colors_info=&#8221;{}&#8221;]<\/p>\n<p>La Facultad de Bellas Artes de Altea ha apostado desde sus inicios por una metodolog\u00eda basada en la atenci\u00f3n personalizada al estudiante y en unos espacios de trabajo accesibles donde se incorporan, de manera cr\u00edtica, los diferentes enfoques del arte contempor\u00e1neo en materia de docencia e investigaci\u00f3n.<\/p>\n<p>Las infraestructuras y talleres del Campus de Altea est\u00e1n optimizados para el aprendizaje, la investigaci\u00f3n y el desarrollo de proyectos art\u00edsticos contempor\u00e1neos, conformando un espacio abierto para la confluencia de ideas y para la convivencia de la comunidad universitaria. Cuenta tambi\u00e9n con espacios personales de trabajo para los estudiantes de M\u00e1ster e investigadores, siendo un en un lugar id\u00f3neo para concentrarse, estudiar y crear.<\/p>\n<p>Todos los talleres y laboratorios est\u00e1n completamente equipados, en constante renovaci\u00f3n y al servicio del alumnado y del equipo docente e investigador. Se dispone de un amplio horario de apertura de los talleres que abarca la docencia y pr\u00e1cticas libres. En estas \u00faltimas, los estudiantes tienen la oportunidad de seguir desarrollando sus proyectos fuera del horario de clase bajo la atenci\u00f3n de los t\u00e9cnicos especialistas. Adem\u00e1s, el servicio de pr\u00e9stamo de material est\u00e1 disponible en todos los cursos permitiendo a los estudiantes tener la mayor autonom\u00eda a la hora de realizar sus trabajos. Todo ello permite proporcionar al alumnado condiciones \u00f3ptimas para el aprendizaje y el desarrollo de sus propuestas personales.<\/p>\n<p>[\/et_pb_text][et_pb_gallery gallery_ids=&#8221;3608,4146,3712,3611,5262,4627,5366,4621,4629,5360,4626,4421,4420,4419,4418,4417,4221,4229,4526,5281,3906,3907,3908,4147,3897,3898,4144,3884,4228,3904,3902,3901,3888,4143,3919,3920,3915,3916,3918,3895,3890,3872,3878,3879,3880,3887,3869,3868,3867,3865,3863,3861,3860,3859,3856,3855,3853,3852,3851,3850,3845,3843,3837,3834,3832,3830,3826,3833&#8243; posts_number=&#8221;12&#8243; show_title_and_caption=&#8221;off&#8221; _builder_version=&#8221;4.17.4&#8243; _module_preset=&#8221;default&#8221; width=&#8221;100%&#8221; global_colors_info=&#8221;{}&#8221;][\/et_pb_gallery][\/et_pb_column][\/et_pb_row][\/et_pb_section][et_pb_section fb_built=&#8221;1&#8243; _builder_version=&#8221;4.17.4&#8243; _module_preset=&#8221;default&#8221; global_colors_info=&#8221;{}&#8221;][\/et_pb_section][et_pb_section fb_built=&#8221;1&#8243; custom_padding_last_edited=&#8221;off|desktop&#8221; admin_label=&#8221;Team&#8221; _builder_version=&#8221;4.16&#8243; _module_preset=&#8221;default&#8221; custom_padding=&#8221;|||&#8221; custom_padding_tablet=&#8221;0px|||&#8221; custom_padding_phone=&#8221;0px|||&#8221; bottom_divider_style=&#8221;ramp&#8221; bottom_divider_color=&#8221;#ffffff&#8221; bottom_divider_height=&#8221;250px&#8221; bottom_divider_height_tablet=&#8221;150px&#8221; bottom_divider_height_phone=&#8221;110px&#8221; bottom_divider_height_last_edited=&#8221;on|phone&#8221; border_radii=&#8221;on|10px|10px|10px|10px&#8221; global_colors_info=&#8221;{}&#8221;][et_pb_row column_structure=&#8221;1_4,1_4,1_4,1_4&#8243; use_custom_gutter=&#8221;on&#8221; gutter_width=&#8221;2&#8243; _builder_version=&#8221;4.17.4&#8243; _module_preset=&#8221;default&#8221; max_width=&#8221;100%&#8221; custom_margin=&#8221;50px||||false|false&#8221; border_width_top=&#8221;2px&#8221; global_colors_info=&#8221;{}&#8221;][et_pb_column type=&#8221;1_4&#8243; _builder_version=&#8221;4.16&#8243; _module_preset=&#8221;default&#8221; custom_padding=&#8221;|||&#8221; global_colors_info=&#8221;{}&#8221; custom_padding__hover=&#8221;|||&#8221;][et_pb_text _builder_version=&#8221;4.17.4&#8243; _module_preset=&#8221;default&#8221; text_font=&#8221;||||||||&#8221; text_font_size=&#8221;12px&#8221; text_line_height=&#8221;2em&#8221; link_font=&#8221;||||on||||&#8221; link_text_color=&#8221;#666666&#8243; header_font=&#8221;||||||||&#8221; header_text_align=&#8221;left&#8221; header_3_font=&#8221;|700||on|||||&#8221; header_3_font_size=&#8221;12px&#8221; header_3_letter_spacing=&#8221;5px&#8221; header_3_line_height=&#8221;1.8em&#8221; max_width_tablet=&#8221;70%&#8221; max_width_last_edited=&#8221;off|phone&#8221; header_3_font_size_tablet=&#8221;&#8221; header_3_font_size_phone=&#8221;&#8221; header_3_font_size_last_edited=&#8221;on|desktop&#8221; locked=&#8221;off&#8221; global_colors_info=&#8221;{}&#8221;]<\/p>\n<h3>Direcci\u00f3n<\/h3>\n<p>UMH<br \/>Carrer Benidorm,<br \/>03590 Altea, Alacant<\/p>\n<p>[\/et_pb_text][et_pb_button button_url=&#8221;https:\/\/maps.app.goo.gl\/jLjdmmjCVgXu2qDW9&#8243; button_text=&#8221;Vis\u00edtanos&#8221; _builder_version=&#8221;4.17.4&#8243; _module_preset=&#8221;default&#8221; custom_button=&#8221;on&#8221; button_text_size=&#8221;14px&#8221; button_text_color=&#8221;#000000&#8243; button_bg_color=&#8221;rgba(0,0,0,0)&#8221; button_border_width=&#8221;0px&#8221; button_border_radius=&#8221;0px&#8221; button_letter_spacing=&#8221;0.1em&#8221; button_font=&#8221;Libre Franklin|700|||||||&#8221; custom_margin_tablet=&#8221;0px|0px||&#8221; custom_margin_phone=&#8221;|0px||&#8221; custom_margin_last_edited=&#8221;off|desktop&#8221; custom_padding=&#8221;6px|0px|6px|0px|true|true&#8221; box_shadow_style=&#8221;preset4&#8243; box_shadow_horizontal=&#8221;0px&#8221; box_shadow_vertical=&#8221;1px&#8221; box_shadow_color=&#8221;#000000&#8243; locked=&#8221;off&#8221; global_colors_info=&#8221;{}&#8221;][\/et_pb_button][\/et_pb_column][et_pb_column type=&#8221;1_4&#8243; _builder_version=&#8221;4.16&#8243; _module_preset=&#8221;default&#8221; custom_padding=&#8221;|||&#8221; global_colors_info=&#8221;{}&#8221; custom_padding__hover=&#8221;|||&#8221;][et_pb_text _builder_version=&#8221;4.17.4&#8243; _module_preset=&#8221;default&#8221; text_font=&#8221;||||||||&#8221; text_font_size=&#8221;12px&#8221; text_line_height=&#8221;2em&#8221; link_font=&#8221;||||on||||&#8221; link_text_color=&#8221;#666666&#8243; header_font=&#8221;||||||||&#8221; header_text_align=&#8221;left&#8221; header_3_font=&#8221;|700||on|||||&#8221; header_3_font_size=&#8221;12px&#8221; header_3_letter_spacing=&#8221;5px&#8221; header_3_line_height=&#8221;1.8em&#8221; max_width_tablet=&#8221;70%&#8221; max_width_last_edited=&#8221;off|phone&#8221; hover_enabled=&#8221;0&#8243; header_3_font_size_tablet=&#8221;&#8221; header_3_font_size_phone=&#8221;&#8221; header_3_font_size_last_edited=&#8221;on|desktop&#8221; locked=&#8221;off&#8221; global_colors_info=&#8221;{}&#8221; custom_padding=&#8221;||0px|||&#8221; sticky_enabled=&#8221;0&#8243;]<\/p>\n<h3>Horario de Atenci\u00f3n<\/h3>\n<p>Lunes &#8211; Viernes<br \/>09:00 \u2013 17:00h<br \/>facultad.bellasartes@umh.es<\/p>\n<p>[\/et_pb_text][\/et_pb_column][et_pb_column type=&#8221;1_4&#8243; _builder_version=&#8221;4.16&#8243; _module_preset=&#8221;default&#8221; custom_padding=&#8221;|||&#8221; global_colors_info=&#8221;{}&#8221; custom_padding__hover=&#8221;|||&#8221;][et_pb_text _builder_version=&#8221;4.17.4&#8243; _module_preset=&#8221;default&#8221; text_font=&#8221;||||||||&#8221; text_font_size=&#8221;12px&#8221; text_line_height=&#8221;2em&#8221; link_font=&#8221;||||on||||&#8221; link_text_color=&#8221;#666666&#8243; header_font=&#8221;||||||||&#8221; header_text_align=&#8221;left&#8221; header_2_font=&#8221;||||||||&#8221; header_3_font=&#8221;|700||on|||||&#8221; header_3_font_size=&#8221;12px&#8221; header_3_letter_spacing=&#8221;5px&#8221; header_3_line_height=&#8221;1.8em&#8221; max_width_tablet=&#8221;70%&#8221; max_width_last_edited=&#8221;off|phone&#8221; header_3_font_size_tablet=&#8221;&#8221; header_3_font_size_phone=&#8221;&#8221; header_3_font_size_last_edited=&#8221;on|desktop&#8221; locked=&#8221;off&#8221; global_colors_info=&#8221;{}&#8221;]<\/p>\n<h3>S\u00edguenos en Redes<\/h3>\n<p>[\/et_pb_text][et_pb_social_media_follow _builder_version=&#8221;4.17.4&#8243; _module_preset=&#8221;default&#8221; custom_margin=&#8221;-20px|||-10px&#8221; custom_margin_tablet=&#8221;&#8221; custom_margin_phone=&#8221;-20px||&#8221; custom_margin_last_edited=&#8221;on|desktop&#8221; filter_invert=&#8221;100%&#8221; locked=&#8221;off&#8221; global_colors_info=&#8221;{}&#8221; icon_color__hover=&#8221;#e02b20&#8243;][et_pb_social_media_follow_network social_network=&#8221;instagram&#8221; url=&#8221;https:\/\/www.instagram.com\/masterarte_mupia\/&#8221; _builder_version=&#8221;4.17.4&#8243; _module_preset=&#8221;default&#8221; global_colors_info=&#8221;{}&#8221; follow_button=&#8221;off&#8221; url_new_window=&#8221;on&#8221;]instagram[\/et_pb_social_media_follow_network][\/et_pb_social_media_follow][\/et_pb_column][et_pb_column type=&#8221;1_4&#8243; _builder_version=&#8221;4.16&#8243; _module_preset=&#8221;default&#8221; custom_padding=&#8221;|||&#8221; global_colors_info=&#8221;{}&#8221; custom_padding__hover=&#8221;|||&#8221;][et_pb_text _builder_version=&#8221;4.17.4&#8243; _module_preset=&#8221;default&#8221; text_font=&#8221;||||||||&#8221; text_font_size=&#8221;12px&#8221; text_line_height=&#8221;2em&#8221; link_font=&#8221;||||on||||&#8221; link_text_color=&#8221;#666666&#8243; header_font=&#8221;||||||||&#8221; header_text_align=&#8221;left&#8221; header_3_font=&#8221;|700||on|||||&#8221; header_3_font_size=&#8221;12px&#8221; header_3_letter_spacing=&#8221;5px&#8221; header_3_line_height=&#8221;1.8em&#8221; max_width_tablet=&#8221;70%&#8221; max_width_last_edited=&#8221;off|phone&#8221; custom_margin=&#8221;||||false|false&#8221; header_3_font_size_tablet=&#8221;&#8221; header_3_font_size_phone=&#8221;&#8221; header_3_font_size_last_edited=&#8221;on|desktop&#8221; locked=&#8221;off&#8221; global_colors_info=&#8221;{}&#8221;]<\/p>\n<h3>Subscribe<\/h3>\n<p>[\/et_pb_text][et_pb_signup mailchimp_list=&#8221;SlavaET|11a914d1cc&#8221; first_name_field=&#8221;off&#8221; last_name_field=&#8221;off&#8221; button_text=&#8221;Subscribirse&#8221; _builder_version=&#8221;4.17.4&#8243; _module_preset=&#8221;default&#8221; form_field_background_color=&#8221;#f3f3f4&#8243; form_field_custom_padding=&#8221;12px||12px||true&#8221; header_font=&#8221;|||on|||||&#8221; header_font_size=&#8221;14px&#8221; header_letter_spacing=&#8221;5px&#8221; header_line_height=&#8221;1.8em&#8221; form_field_font=&#8221;||||||||&#8221; form_field_font_size=&#8221;14px&#8221; use_background_color=&#8221;off&#8221; custom_button=&#8221;on&#8221; button_text_size=&#8221;14px&#8221; button_text_color=&#8221;#ffffff&#8221; button_bg_color=&#8221;#000000&#8243; button_border_width=&#8221;0px&#8221; button_border_radius=&#8221;0px&#8221; button_letter_spacing=&#8221;0.1em&#8221; button_font=&#8221;Libre Franklin|700|||||||&#8221; button_custom_padding=&#8221;12px||12px||true&#8221; background_layout=&#8221;light&#8221; custom_margin=&#8221;10px||||false|false&#8221; border_radii_fields=&#8221;on|0px|0px|0px|0px&#8221; locked=&#8221;off&#8221; global_colors_info=&#8221;{}&#8221;][\/et_pb_signup][\/et_pb_column][\/et_pb_row][\/et_pb_section]<\/p>\n","protected":false},"excerpt":{"rendered":"<p>EL CAMPUSEl Campus de Altea es uno de los cuatro campus de la Universidad Miguel Hern\u00e1ndez de Elche, junto con los de Orihuela, San Juan y Elche. Altea, es una ciudad costera del Mediterr\u00e1neo, situada entre Alicante ( a 58 Km) y Valencia (a 110 Km). Se ubica en un entorno natural atractivo y privilegiado [&hellip;]<\/p>\n","protected":false},"author":5001,"featured_media":0,"parent":0,"menu_order":0,"comment_status":"closed","ping_status":"closed","template":"","meta":{"_et_pb_use_builder":"on","_et_pb_old_content":"","_et_gb_content_width":"","_links_to":"","_links_to_target":""},"_links":{"self":[{"href":"https:\/\/mupia-masterbellasartes.umh.es\/ca\/wp-json\/wp\/v2\/pages\/6622"}],"collection":[{"href":"https:\/\/mupia-masterbellasartes.umh.es\/ca\/wp-json\/wp\/v2\/pages"}],"about":[{"href":"https:\/\/mupia-masterbellasartes.umh.es\/ca\/wp-json\/wp\/v2\/types\/page"}],"author":[{"embeddable":true,"href":"https:\/\/mupia-masterbellasartes.umh.es\/ca\/wp-json\/wp\/v2\/users\/5001"}],"replies":[{"embeddable":true,"href":"https:\/\/mupia-masterbellasartes.umh.es\/ca\/wp-json\/wp\/v2\/comments?post=6622"}],"version-history":[{"count":0,"href":"https:\/\/mupia-masterbellasartes.umh.es\/ca\/wp-json\/wp\/v2\/pages\/6622\/revisions"}],"wp:attachment":[{"href":"https:\/\/mupia-masterbellasartes.umh.es\/ca\/wp-json\/wp\/v2\/media?parent=6622"}],"curies":[{"name":"wp","href":"https:\/\/api.w.org\/{rel}","templated":true}]}}